{"id":4078,"date":"2026-03-14T21:05:54","date_gmt":"2026-03-14T21:05:54","guid":{"rendered":"https:\/\/passionpress.eu\/?page_id=4078"},"modified":"2026-03-23T07:42:48","modified_gmt":"2026-03-23T07:42:48","slug":"potsdam-royals-press-review","status":"publish","type":"page","link":"https:\/\/passionpress.eu\/de\/potsdam-royals-press-review\/","title":{"rendered":"Potsdam Royals - Pressespiegel"},"content":{"rendered":"<p>Auf dieser Seite finden Sie eine \u00dcbersicht aller Ver\u00f6ffentlichungen und vermittelten Beitr\u00e4ge von Passion Press rund um die Potsdam Royals. Viele der hier aufgef\u00fchrten Artikel wurden von Passion Press erstellt und an verschiedene Medien vermittelt oder von Redaktionen ver\u00f6ffentlicht. Der Pressespiegel dokumentiert ausschlie\u00dflich die mediale Berichterstattung, die durch Passion Press initiiert oder begleitet wurde, und bietet damit einen \u00dcberblick \u00fcber unsere Pressearbeit rund um eines der erfolgreichsten Teams der German Football League.<\/p>\n\n\n\n<figure data-spectra-id=\"spectra-mn2vki5m-eforyo\" class=\"wp-block-image aligncenter size-full\"><a href=\"https:\/\/www.football-aktuell.de\/cgi-bin\/news.pl?artikel=177425072150101027&amp;rubrik=50101027\" target=\"_blank\" rel=\" noreferrer noopener\"><img loading=\"lazy\" decoding=\"async\" width=\"836\" height=\"470\" src=\"https:\/\/passionpress.eu\/wp-content\/uploads\/2026\/03\/Screenshot-2026-03-23-083658.png\" alt=\"screenshot 2026 03 23 083658\" class=\"wp-image-4155\" title=\"Potsdam Royals - Press Review\" srcset=\"https:\/\/passionpress.eu\/wp-content\/uploads\/2026\/03\/Screenshot-2026-03-23-083658.png 836w, https:\/\/passionpress.eu\/wp-content\/uploads\/2026\/03\/Screenshot-2026-03-23-083658-300x169.png 300w, https:\/\/passionpress.eu\/wp-content\/uploads\/2026\/03\/Screenshot-2026-03-23-083658-768x432.png 768w, https:\/\/passionpress.eu\/wp-content\/uploads\/2026\/03\/Screenshot-2026-03-23-083658-18x10.png 18w\" sizes=\"auto, (max-width: 836px) 100vw, 836px\" \/><\/a><figcaption class=\"wp-element-caption\"><strong><a href=\"https:\/\/www.football-aktuell.de\/cgi-bin\/news.pl?artikel=177425072150101027&amp;rubrik=50101027\" target=\"_blank\" rel=\"noreferrer noopener\">Royals ziehen Berliner Talent hoch<\/a><\/strong> &#8211; 23. M\u00e4rz 2026 &#8211; football-aktuell.de<\/figcaption><\/figure>\n\n\n\n<figure data-spectra-id=\"spectra-mn2vk3aj-o0e33t\" class=\"wp-block-image aligncenter size-full\"><a href=\"https:\/\/www.football-aktuell.de\/cgi-bin\/news.pl?artikel=177416695850101027&amp;rubrik=50101027\" target=\"_blank\" rel=\" noreferrer noopener\"><img loading=\"lazy\" decoding=\"async\" width=\"835\" height=\"470\" src=\"https:\/\/passionpress.eu\/wp-content\/uploads\/2026\/03\/Screenshot-2026-03-23-083720.png\" alt=\"screenshot 2026 03 23 083720\" class=\"wp-image-4153\" title=\"Potsdam Royals - Press Review\" srcset=\"https:\/\/passionpress.eu\/wp-content\/uploads\/2026\/03\/Screenshot-2026-03-23-083720.png 835w, https:\/\/passionpress.eu\/wp-content\/uploads\/2026\/03\/Screenshot-2026-03-23-083720-300x169.png 300w, https:\/\/passionpress.eu\/wp-content\/uploads\/2026\/03\/Screenshot-2026-03-23-083720-768x432.png 768w, https:\/\/passionpress.eu\/wp-content\/uploads\/2026\/03\/Screenshot-2026-03-23-083720-18x10.png 18w\" sizes=\"auto, (max-width: 835px) 100vw, 835px\" \/><\/a><figcaption class=\"wp-element-caption\"><strong><a href=\"https:\/\/www.football-aktuell.de\/cgi-bin\/news.pl?artikel=177416695850101027&amp;rubrik=50101027\">Royals setzen auf Quarterback-Zukunft<\/a><\/strong> &#8211; 22. M\u00e4rz 2026 &#8211; football-aktuell.de<\/figcaption><\/figure>\n\n\n\n<figure data-spectra-id=\"spectra-mn1gghn3-jj1v8j\" class=\"wp-block-image aligncenter size-large is-resized\"><img loading=\"lazy\" decoding=\"async\" width=\"1024\" height=\"576\" src=\"https:\/\/passionpress.eu\/wp-content\/uploads\/2026\/03\/Screenshot-2026-03-22-084746-1024x576.png\" alt=\"screenshot 2026 03 22 084746\" class=\"wp-image-4145\" title=\"Potsdam Royals - Press Review\" srcset=\"https:\/\/passionpress.eu\/wp-content\/uploads\/2026\/03\/Screenshot-2026-03-22-084746-1024x576.png 1024w, https:\/\/passionpress.eu\/wp-content\/uploads\/2026\/03\/Screenshot-2026-03-22-084746-300x169.png 300w, https:\/\/passionpress.eu\/wp-content\/uploads\/2026\/03\/Screenshot-2026-03-22-084746-768x432.png 768w, https:\/\/passionpress.eu\/wp-content\/uploads\/2026\/03\/Screenshot-2026-03-22-084746-18x10.png 18w, https:\/\/passionpress.eu\/wp-content\/uploads\/2026\/03\/Screenshot-2026-03-22-084746.png 1356w\" sizes=\"auto, (max-width: 1024px) 100vw, 1024px\" \/><figcaption class=\"wp-element-caption\"><strong><a href=\"https:\/\/footbowl.eu\/maximilian-mcleod-verstaerkt-die-royals-offense\/\" target=\"_blank\" rel=\"noreferrer noopener\">Maximilian McLeod verst\u00e4rkt die Royals Offense<\/a><\/strong> &#8211; 21. M\u00e4rz 2026 &#8211; footbowl.eu<\/figcaption><\/figure>\n\n\n\n<figure data-spectra-id=\"spectra-mn0mm3pq-siqbf6\" class=\"wp-block-image aligncenter size-full\"><img loading=\"lazy\" decoding=\"async\" width=\"823\" height=\"463\" src=\"https:\/\/passionpress.eu\/wp-content\/uploads\/2026\/03\/Screenshot-2026-03-21-185211.png\" alt=\"screenshot 2026 03 21 185211\" class=\"wp-image-4108\" title=\"Potsdam Royals - Press Review\" srcset=\"https:\/\/passionpress.eu\/wp-content\/uploads\/2026\/03\/Screenshot-2026-03-21-185211.png 823w, https:\/\/passionpress.eu\/wp-content\/uploads\/2026\/03\/Screenshot-2026-03-21-185211-300x169.png 300w, https:\/\/passionpress.eu\/wp-content\/uploads\/2026\/03\/Screenshot-2026-03-21-185211-768x432.png 768w, https:\/\/passionpress.eu\/wp-content\/uploads\/2026\/03\/Screenshot-2026-03-21-185211-18x10.png 18w\" sizes=\"auto, (max-width: 823px) 100vw, 823px\" \/><figcaption class=\"wp-element-caption\"><strong><a href=\"https:\/\/www.football-aktuell.de\/cgi-bin\/news.pl?artikel=177409885550101027&amp;rubrik=50\">Royals holen Malik Shaquel Ahmad zur\u00fcck<\/a><\/strong> &#8211; 21. M\u00e4rz 2026 &#8211; football-aktuell.de<\/figcaption><\/figure>\n\n\n\n<figure data-spectra-id=\"spectra-mmqt274g-tglu3j\" class=\"wp-block-image aligncenter size-full\"><a href=\"https:\/\/www.football-aktuell.de\/cgi-bin\/news.pl?artikel=177352155050101027\" target=\"_blank\" rel=\" noreferrer noopener\"><img loading=\"lazy\" decoding=\"async\" width=\"838\" height=\"458\" src=\"https:\/\/passionpress.eu\/wp-content\/uploads\/2026\/03\/Screenshot-2026-03-14-215251.png\" alt=\"screenshot 2026 03 14 215251\" class=\"wp-image-4080\" title=\"Potsdam Royals - Press Review\" srcset=\"https:\/\/passionpress.eu\/wp-content\/uploads\/2026\/03\/Screenshot-2026-03-14-215251.png 838w, https:\/\/passionpress.eu\/wp-content\/uploads\/2026\/03\/Screenshot-2026-03-14-215251-300x164.png 300w, https:\/\/passionpress.eu\/wp-content\/uploads\/2026\/03\/Screenshot-2026-03-14-215251-768x420.png 768w, https:\/\/passionpress.eu\/wp-content\/uploads\/2026\/03\/Screenshot-2026-03-14-215251-18x10.png 18w\" sizes=\"auto, (max-width: 838px) 100vw, 838px\" \/><\/a><figcaption class=\"wp-element-caption\"><strong><a href=\"https:\/\/www.football-aktuell.de\/cgi-bin\/news.pl?artikel=177352155050101027\">Joshua W\u00fcnsch geht in Jahr 3 mit Potsdam<\/a><\/strong> &#8211; 14. M\u00e4rz 2026 &#8211; football-aktuell.de<\/figcaption><\/figure>","protected":false},"excerpt":{"rendered":"<p>On this page you will find an overview of all publications and media placements facilitated by Passion Press related to the Potsdam Royals. Many of the articles listed here were written by Passion Press and distributed to various media outlets or later published by editorial teams. This press review documents only the media coverage initiated [&hellip;]<\/p>\n","protected":false},"author":1,"featured_media":0,"parent":0,"menu_order":0,"comment_status":"closed","ping_status":"closed","template":"","meta":{"_uag_custom_page_level_css":"","site-sidebar-layout":"default","site-content-layout":"","ast-site-content-layout":"default","site-content-style":"default","site-sidebar-style":"default","ast-global-header-display":"","ast-banner-title-visibility":"","ast-main-header-display":"","ast-hfb-above-header-display":"","ast-hfb-below-header-display":"","ast-hfb-mobile-header-display":"","site-post-title":"","ast-breadcrumbs-content":"","ast-featured-img":"","footer-sml-layout":"","ast-disable-related-posts":"","theme-transparent-header-meta":"","adv-header-id-meta":"","stick-header-meta":"","header-above-stick-meta":"","header-main-stick-meta":"","header-below-stick-meta":"","astra-migrate-meta-layouts":"set","ast-page-background-enabled":"default","ast-page-background-meta":{"desktop":{"background-color":"","background-image":"","background-repeat":"repeat","background-position":"center center","background-size":"auto","background-attachment":"scroll","background-type":"","background-media":"","overlay-type":"","overlay-color":"","overlay-opacity":"","overlay-gradient":""},"tablet":{"background-color":"","background-image":"","background-repeat":"repeat","background-position":"center center","background-size":"auto","background-attachment":"scroll","background-type":"","background-media":"","overlay-type":"","overlay-color":"","overlay-opacity":"","overlay-gradient":""},"mobile":{"background-color":"","background-image":"","background-repeat":"repeat","background-position":"center center","background-size":"auto","background-attachment":"scroll","background-type":"","background-media":"","overlay-type":"","overlay-color":"","overlay-opacity":"","overlay-gradient":""}},"ast-content-background-meta":{"desktop":{"background-color":"var(--ast-global-color-5)","background-image":"","background-repeat":"repeat","background-position":"center center","background-size":"auto","background-attachment":"scroll","background-type":"","background-media":"","overlay-type":"","overlay-color":"","overlay-opacity":"","overlay-gradient":""},"tablet":{"background-color":"var(--ast-global-color-5)","background-image":"","background-repeat":"repeat","background-position":"center center","background-size":"auto","background-attachment":"scroll","background-type":"","background-media":"","overlay-type":"","overlay-color":"","overlay-opacity":"","overlay-gradient":""},"mobile":{"background-color":"var(--ast-global-color-5)","background-image":"","background-repeat":"repeat","background-position":"center center","background-size":"auto","background-attachment":"scroll","background-type":"","background-media":"","overlay-type":"","overlay-color":"","overlay-opacity":"","overlay-gradient":""}},"footnotes":""},"class_list":["post-4078","page","type-page","status-publish","hentry"],"uagb_featured_image_src":{"full":false,"thumbnail":false,"medium":false,"medium_large":false,"large":false,"1536x1536":false,"2048x2048":false,"trp-custom-language-flag":false},"uagb_author_info":{"display_name":"admin","author_link":"https:\/\/passionpress.eu\/de\/author\/admin\/"},"uagb_comment_info":0,"uagb_excerpt":"On this page you will find an overview of all publications and media placements facilitated by Passion Press related to the Potsdam Royals. Many of the articles listed here were written by Passion Press and distributed to various media outlets or later published by editorial teams. This press review documents only the media coverage initiated&hellip;","_links":{"self":[{"href":"https:\/\/passionpress.eu\/de\/wp-json\/wp\/v2\/pages\/4078","targetHints":{"allow":["GET"]}}],"collection":[{"href":"https:\/\/passionpress.eu\/de\/wp-json\/wp\/v2\/pages"}],"about":[{"href":"https:\/\/passionpress.eu\/de\/wp-json\/wp\/v2\/types\/page"}],"author":[{"embeddable":true,"href":"https:\/\/passionpress.eu\/de\/wp-json\/wp\/v2\/users\/1"}],"replies":[{"embeddable":true,"href":"https:\/\/passionpress.eu\/de\/wp-json\/wp\/v2\/comments?post=4078"}],"version-history":[{"count":48,"href":"https:\/\/passionpress.eu\/de\/wp-json\/wp\/v2\/pages\/4078\/revisions"}],"predecessor-version":[{"id":4166,"href":"https:\/\/passionpress.eu\/de\/wp-json\/wp\/v2\/pages\/4078\/revisions\/4166"}],"wp:attachment":[{"href":"https:\/\/passionpress.eu\/de\/wp-json\/wp\/v2\/media?parent=4078"}],"curies":[{"name":"wp","href":"https:\/\/api.w.org\/{rel}","templated":true}]}}