{"id":1494,"date":"2026-03-02T19:47:30","date_gmt":"2026-03-02T19:47:30","guid":{"rendered":"https:\/\/passionpress.eu\/contact\/"},"modified":"2026-03-04T15:05:46","modified_gmt":"2026-03-04T15:05:46","slug":"contact","status":"publish","type":"page","link":"https:\/\/passionpress.eu\/de\/contact\/","title":{"rendered":"KONTAKT"},"content":{"rendered":"<div data-spectra-id=\"78fbda14\"\tstyle=\"overflow: visible; --spectra-background-color: var(--ast-global-color-7); --spectra-overlay-opacity: 0.8;\" class=\"spectra-is-root-container alignfull spectra-overlay-color spectra-overflow spectra-background-color spectra-dim-ratio wp-block-spectra-container\" data-orientation=\"vertical\"\t>\n\t\n<div data-spectra-id=\"spectra-38b626f9-root\" style=\"overflow: visible\" class=\"spectra-overlay-color spectra-overflow wp-block-spectra-container\" data-orientation=\"vertical\">\n\t\n\t<h1 data-spectra-id=\"spectra-38b626f9-prefix\" style=\"--spectra-text-color: ast-global-color-5\" class=\"has-text-color has-link-color spectra-text-color  wp-elements-8e2de9057665671532d7876b36f84dd8 wp-block-spectra-content has-text-color has-ast-global-color-5-color\">\n\t\tKontakt aufnehmen\t<\/h1>\n\n\n\t<h4 data-spectra-id=\"spectra-38b626f9-title\" style=\"--spectra-text-color: ast-global-color-5\" class=\"has-text-color has-link-color spectra-text-color  wp-elements-ee889355a2aab0b90ec95549655ccc2c wp-block-spectra-content has-text-color has-ast-global-color-5-color\">\n\t\tKontakt &amp; Zusammenarbeit\t<\/h4>\n\n\n\t<p data-spectra-id=\"spectra-38b626f9-desc\" style=\"--spectra-text-color: ast-global-color-5\" class=\"has-text-color has-link-color spectra-text-color  wp-elements-31b5d1e6c2383a65665fbdfcd5979eb2 wp-block-spectra-content has-text-color has-ast-global-color-5-color\">\n\t\tNehmen Sie Kontakt mit PassionPress auf, wenn Sie Unterst\u00fctzung in den Bereichen Medienarbeit, Kooperationen oder redaktionelle Inhalte f\u00fcr Teams, Ligen und Sportorganisationen suchen.\t<\/p>\n\n<\/div>\n\n<\/div>\n\n\n<div data-spectra-id=\"40966b19\"\tstyle=\"overflow: visible; --spectra-background-gradient: linear-gradient(180deg,rgb(255,255,255) 0%,rgb(239,242,255) 100%); --spectra-overlay-opacity: 1;\" class=\"spectra-is-root-container alignfull spectra-overlay-color spectra-overflow spectra-background-gradient spectra-dim-ratio wp-block-spectra-container\" data-orientation=\"vertical\"\t>\n\t\n<div data-spectra-id=\"spectra-mfxo65du-co1e2n\" style=\"overflow: visible\" class=\"spectra-overlay-color spectra-overflow wp-block-spectra-container\" data-orientation=\"vertical\">\n\t\n<div data-spectra-id=\"spectra-mfxo6abo-jqc3qa\" style=\"overflow: visible\" class=\"spectra-overlay-color spectra-overflow wp-block-spectra-container\" data-orientation=\"vertical\">\n\t\n\t<h3 data-spectra-id=\"spectra-mfxo7lia-w1uv6q\" style=\"--spectra-text-color: ast-global-color-2\" class=\"has-text-color has-link-color spectra-text-color wp-elements-842c4a76d72bd0fc6272d153724cbbec wp-block-spectra-content has-text-color has-ast-global-color-2-color\">\n\t\tKontakt aufnehmen mit PassionPress\t<\/h3>\n\n\n\n<p class=\"wp-container-content-e29552f7\">Kontaktieren Sie PassionPress f\u00fcr Medienanfragen, Kooperationen oder redaktionelle Unterst\u00fctzung f\u00fcr Teams, Ligen und Sportorganisationen.<\/p>\n\n\n<div data-spectra-id=\"spectra-mfxo6mng-t0nd0q\" style=\"overflow: visible;--spectra-background-color-hover: var(--ast-global-color-5);--spectra-background-color: var(--ast-global-color-5);--spectra-box-shadow: 0px 0px 24px 2px #242a571c\" class=\"spectra-overlay-color spectra-overflow spectra-background-color-hover spectra-background-color spectra-box-shadow wp-block-spectra-container\" data-orientation=\"vertical\">\n\t\nDieses Formular wurde gel\u00f6scht oder ist nicht verf\u00fcgbar.\n\n<\/div>\n\n<\/div>\n\n\n<div data-spectra-id=\"spectra-mfxo6abq-9fy6cm\" style=\"overflow: visible\" class=\"spectra-overlay-color spectra-overflow wp-block-spectra-container\" data-orientation=\"vertical\">\n\t\n\t<h3 data-spectra-id=\"spectra-mfxod3x4-04lnzf\" style=\"--spectra-text-color: ast-global-color-2\" class=\"has-text-color has-link-color spectra-text-color wp-elements-f9d04a36e2190cdbf2a8796f1440157b wp-block-spectra-content has-text-color has-ast-global-color-2-color\">\n\t\tKontakt\t<\/h3>\n\n\n<div data-spectra-id=\"spectra-mfz0fxq5-l4fh69\" style=\"overflow: visible\" class=\"spectra-overlay-color spectra-overflow wp-block-spectra-container\" data-orientation=\"vertical\">\n\t\n\t<h6 data-spectra-id=\"spectra-mfxslvds-7q83h7\" style=\"--spectra-text-color: ast-global-color-2\" class=\"has-text-color has-link-color spectra-text-color wp-elements-1da55c0f80f66f52f89d0ab306a9548b wp-block-spectra-content has-text-color has-ast-global-color-2-color\">\n\t\tAdresse\t<\/h6>\n\n\n\n<ul data-spectra-id=\"spectra-mfxsgxxs-4g4v84\" class=\"spectra-list spectra-list-unordered wp-block-spectra-list\">\n\t\n\n<li data-spectra-id=\"spectra-mfxsgy1r-wx3m0z\" class=\"spectra-list-item spectra-list-item-unordered spectra-list-item-level-0 wp-block-spectra-list-child-item\">\n\t\n<div data-spectra-id=\"spectra-mfxsgy5u-tikti4\" style=\"--spectra-text-color: var(--ast-global-color-0);--spectra-text-color-hover: var(--ast-global-color-0)\" class=\"spectra-list-icon spectra-list-icon-unordered spectra-text-color spectra-text-color-hover wp-block-spectra-list-child-icon\">\n\t\t\t\t\t\t<svg class=\"spectra-icon\" xmlns=\"https:\/\/www.w3.org\/2000\/svg\" viewbox=\"0 0 384 512\" focusable=\"false\" style=\"fill: currentColor\"><path d=\"M168.3 499.2C116.1 435 0 279.4 0 192C0 85.96 85.96 0 192 0C298 0 384 85.96 384 192C384 279.4 267 435 215.7 499.2C203.4 514.5 180.6 514.5 168.3 499.2H168.3zM192 256C227.3 256 256 227.3 256 192C256 156.7 227.3 128 192 128C156.7 128 128 156.7 128 192C128 227.3 156.7 256 192 256z\"><\/path><\/svg>\n\t\t\t\t<\/div>\n\n\n<div data-spectra-id=\"spectra-mfxsgy5x-ztlfv3\" style=\"overflow: visible\" class=\"spectra-overlay-color spectra-overflow wp-block-spectra-container\" data-orientation=\"vertical\">\n\t\n\t<p data-spectra-id=\"spectra-mfxshcbk-od32tw\" style=\"--spectra-text-color: ast-global-color-3\" class=\"has-text-color has-link-color spectra-text-color wp-elements-9e6e6af9118494e23aaa7868fce2ace7 wp-block-spectra-content has-text-color has-ast-global-color-3-color\">\n\t\tM\u00f6rtelstra\u00dfe 22<br>39192 Hohenwarthe\t<\/p>\n\n<\/div>\n\n<\/li>\n\n\n\n<li data-spectra-id=\"spectra-78581534-61c3-4e0e-bc34-1404d867d11e\" class=\"spectra-list-item spectra-list-item-unordered spectra-list-item-level-0 wp-block-spectra-list-child-item\">\n\t\n<div data-spectra-id=\"spectra-aed7417b-cfdd-454b-a555-b4827cc11477\" style=\"--spectra-text-color: var(--ast-global-color-0);--spectra-text-color-hover: var(--ast-global-color-0)\" class=\"spectra-list-icon spectra-list-icon-unordered spectra-text-color spectra-text-color-hover wp-block-spectra-list-child-icon\">\n\t\t\t\t\t\t<svg class=\"spectra-icon\" xmlns=\"https:\/\/www.w3.org\/2000\/svg\" viewbox=\"0 0 512 512\" focusable=\"false\" style=\"fill: currentColor\"><path d=\"M464 64C490.5 64 512 85.49 512 112C512 127.1 504.9 141.3 492.8 150.4L275.2 313.6C263.8 322.1 248.2 322.1 236.8 313.6L19.2 150.4C7.113 141.3 0 127.1 0 112C0 85.49 21.49 64 48 64H464zM217.6 339.2C240.4 356.3 271.6 356.3 294.4 339.2L512 176V384C512 419.3 483.3 448 448 448H64C28.65 448 0 419.3 0 384V176L217.6 339.2z\"><\/path><\/svg>\n\t\t\t\t<\/div>\n\n\n<div data-spectra-id=\"spectra-3630b1e7-aa08-4d53-ac39-8585c8dd9cbe\" style=\"overflow: visible\" class=\"spectra-overlay-color spectra-overflow wp-block-spectra-container\" data-orientation=\"vertical\">\n\t\n\t<p data-spectra-id=\"spectra-fd4ce86d-8787-4ad9-98b7-f20947e343d5\" style=\"--spectra-text-color: ast-global-color-3\" class=\"has-text-color has-link-color spectra-text-color wp-elements-c4dd90ae61ddc5b24426f6221d772689 wp-block-spectra-content has-text-color has-ast-global-color-3-color\">\n\t\tinfo@passionpress.eu\u200b\u200b\t<\/p>\n\n<\/div>\n\n<\/li>\n\n\n\n<li data-spectra-id=\"spectra-3cdb973a-9edd-4a78-8bde-573f403df784\" class=\"spectra-list-item spectra-list-item-unordered spectra-list-item-level-0 wp-block-spectra-list-child-item\">\n\t\n<div data-spectra-id=\"spectra-3d5dfb9f-5caf-451c-9d28-a173f8511c20\" style=\"--spectra-text-color: var(--ast-global-color-0);--spectra-text-color-hover: var(--ast-global-color-0)\" class=\"spectra-list-icon spectra-list-icon-unordered spectra-text-color spectra-text-color-hover wp-block-spectra-list-child-icon\">\n\t\t\t\t\t\t<svg class=\"spectra-icon\" xmlns=\"https:\/\/www.w3.org\/2000\/svg\" viewbox=\"0 0 512 512\" focusable=\"false\" style=\"fill: currentColor\"><path d=\"M284.6 181.9c-10.28-8.344-25.41-6.875-33.75 3.406C242.4 195.6 243.9 210.7 254.2 219.1c11.31 9.25 17.81 22.69 17.81 36.87c0 14.19-6.5 27.62-17.81 36.87c-10.28 8.406-11.78 23.53-3.375 33.78c4.719 5.812 11.62 8.812 18.56 8.812c5.344 0 10.75-1.781 15.19-5.406c22.53-18.44 35.44-45.4 35.44-74.05S307.1 200.4 284.6 181.9zM345.1 107.1c-10.22-8.344-25.34-6.907-33.78 3.343c-8.406 10.25-6.906 25.37 3.344 33.78c33.88 27.78 53.31 68.18 53.31 110.9s-19.44 83.09-53.31 110.9c-10.25 8.406-11.75 23.53-3.344 33.78c4.75 5.781 11.62 8.781 18.56 8.781c5.375 0 10.75-1.781 15.22-5.438C390.2 367.1 416 313.1 416 255.1S390.2 144.9 345.1 107.1zM406.4 33.15c-10.22-8.344-25.34-6.875-33.78 3.344c-8.406 10.25-6.906 25.37 3.344 33.78C431.9 116.1 464 183.8 464 255.1s-32.09 139.9-88.06 185.7c-10.25 8.406-11.75 23.53-3.344 33.78c4.75 5.781 11.62 8.781 18.56 8.781c5.375 0 10.75-1.781 15.22-5.438C473.5 423.8 512 342.6 512 255.1S473.5 88.15 406.4 33.15zM151.3 174.6C161.1 175.6 172.1 169.5 176 159.6l33.75-84.38C214 64.35 209.1 51.1 200.2 45.86l-67.47-42.17C123.2-2.289 110.9-.8945 102.9 7.08C-34.32 144.3-34.31 367.7 102.9 504.9c7.982 7.984 20.22 9.379 29.75 3.402l67.48-42.19c9.775-6.104 13.9-18.47 9.598-29.3L176 352.5c-3.945-9.963-14.14-16.11-24.73-14.97l-53.24 5.314C78.89 286.7 78.89 225.4 98.06 169.3L151.3 174.6z\"><\/path><\/svg>\n\t\t\t\t<\/div>\n\n\n<div data-spectra-id=\"spectra-1f8bb16c-741d-4c2d-a0f6-d48dd19ba15f\" style=\"overflow: visible\" class=\"spectra-overlay-color spectra-overflow wp-block-spectra-container\" data-orientation=\"vertical\">\n\t\n\t<p data-spectra-id=\"spectra-655ae391-7a74-4f1b-9c65-c99bd812b427\" style=\"--spectra-text-color: ast-global-color-3\" class=\"has-text-color has-link-color spectra-text-color wp-elements-958edf1f8988a5dc79a867d240d32bff wp-block-spectra-content has-text-color has-ast-global-color-3-color\">\n\t\t+49 1744313220\t<\/p>\n\n<\/div>\n\n<\/li>\n\n\n\n<li data-spectra-id=\"spectra-25744d91-f8e3-49dd-bc7d-422a5859d382\" class=\"spectra-list-item spectra-list-item-unordered spectra-list-item-level-0 wp-block-spectra-list-child-item\">\n\t\n<div data-spectra-id=\"spectra-59570868-5e64-4ad2-976a-227ee2053715\" style=\"--spectra-text-color: var(--ast-global-color-0);--spectra-text-color-hover: var(--ast-global-color-0)\" class=\"spectra-list-icon spectra-list-icon-unordered spectra-text-color spectra-text-color-hover wp-block-spectra-list-child-icon\">\n\t\t\t\t\t\t<svg class=\"spectra-icon\" xmlns=\"https:\/\/www.w3.org\/2000\/svg\" viewbox=\"0 0 384 512\" focusable=\"false\" style=\"fill: currentColor\"><path d=\"M320 0H64C37.5 0 16 21.5 16 48v416C16 490.5 37.5 512 64 512h256c26.5 0 48-21.5 48-48v-416C368 21.5 346.5 0 320 0zM240 447.1C240 456.8 232.8 464 224 464H159.1C151.2 464 144 456.8 144 448S151.2 432 160 432h64C232.8 432 240 439.2 240 447.1z\"><\/path><\/svg>\n\t\t\t\t<\/div>\n\n\n<div data-spectra-id=\"spectra-e9eea74d-eb80-4a11-acde-00bdfe5f05ec\" style=\"overflow: visible\" class=\"spectra-overlay-color spectra-overflow wp-block-spectra-container\" data-orientation=\"vertical\">\n\t\n\n<p>+49 1744313220<\/p>\n\n<\/div>\n\n<\/li>\n\n<\/ul>\n\n<\/div>\n\n\n<div data-spectra-id=\"spectra-mfz0y00o-ghnngo\" style=\"overflow: visible\" class=\"spectra-overlay-color spectra-overflow wp-block-spectra-container\" data-orientation=\"vertical\">\n\t\n\t<h6 data-spectra-id=\"spectra-0b764d9f-8e30-482f-91db-e263b9a154ce\" style=\"--spectra-text-color: ast-global-color-2\" class=\"has-text-color has-link-color spectra-text-color wp-elements-1901ee9760d867ff0935f04caebd4588 wp-block-spectra-content has-text-color has-ast-global-color-2-color\">\n\t\t<strong>Ruf uns an<\/strong>\t<\/h6>\n\n\n\t<h3 data-spectra-id=\"spectra-mfxsnp46-vbgvg5\" style=\"--spectra-text-color: ast-global-color-0\" class=\"has-text-color has-link-color spectra-text-color wp-elements-01fe2df4c5313071a2583bfeee626699 wp-block-spectra-content has-text-color has-ast-global-color-0-color\">\n\t\t+49 1744313220\t<\/h3>\n\n<\/div>\n\n<\/div>\n\n<\/div>\n\n<\/div>\n\n\n<div data-spectra-id=\"a93fa34b\"\tstyle=\"overflow: visible; --spectra-background-color: var(--ast-global-color-5); --spectra-overlay-opacity: 1;\" class=\"spectra-is-root-container alignfull spectra-overlay-color spectra-overflow spectra-background-color spectra-dim-ratio wp-block-spectra-container\" data-orientation=\"vertical\"\t>\n\t\n<div data-spectra-id=\"spectra-mfwkgzb5-3bxyh5\" style=\"overflow: visible\" class=\"spectra-overlay-color spectra-overflow wp-block-spectra-container\" data-orientation=\"vertical\">\n\t\n<div data-spectra-id=\"spectra-mfwkh3dh-gcnbcg\" style=\"overflow: visible\" class=\"spectra-overlay-color spectra-overflow wp-block-spectra-container\" data-orientation=\"vertical\">\n\t\n\t<h3 data-spectra-id=\"spectra-mfxlk7pj-xz3h6r\" style=\"--spectra-text-color: ast-global-color-0\" class=\"has-text-color has-link-color spectra-text-color wp-elements-18e6bd0336ab232e5ea9fe81112030fe wp-block-spectra-content has-text-color has-ast-global-color-0-color\">\n\t\tBereit, die Geschichte Ihres Teams zu erz\u00e4hlen und sichtbar zu machen?\t<\/h3>\n\n\n\t<p data-spectra-id=\"spectra-mfxlkkaj-6wn1h1\" class=\"wp-block-spectra-content\">\n\t\tPassionPress unterst\u00fctzt Football-Teams, Ligen und Sportorganisationen dabei, ihre Sichtbarkeit durch professionellen Journalismus, Medienarbeit und strategisches Storytelling zu erh\u00f6hen.<br><a href=\"https:\/\/passionpress.eu\/de\/contact\/\"><\/a>\t<\/p>\n\n<\/div>\n\n\n<div data-spectra-id=\"spectra-mfwkh3dq-eohn47\" style=\"overflow: visible\" class=\"spectra-overlay-color spectra-overflow wp-block-spectra-container\" data-orientation=\"vertical\">\n\t\n<div data-spectra-id=\"spectra-mfwkkbev-fi7gd6\" class=\"wp-block-button spectra-buttons wp-block-spectra-buttons\">\n\t\n<a data-spectra-id=\"spectra-cb0827ca-d604-430c-805b-d92ff516f068\" href=\"https:\/\/passionpress.eu\/de\/contact\/\" target=\"_self\" aria-label=\"KONTAKT\" rel=\"noopener\" style=\"--spectra-text-color: ast-global-color-5;--spectra-text-color-hover: var(--ast-global-color-5);--spectra-background-color: ast-global-color-0;--spectra-background-color-hover: var(--ast-global-color-1);--spectra-border-hover-color: #333\" class=\"wp-block-button__link wp-element-button has-border-hover spectra-border-hover-override spectra-text-color spectra-text-color-hover spectra-background-color spectra-background-color-hover spectra-border-hover  wp-elements-5db6e9a66e0341a8d26db1dd01c5d8b4 wp-block-spectra-button has-text-color has-ast-global-color-5-color has-background has-ast-global-color-0-background-color\">\n<div class=\"spectra-button__link\">KONTAKT<\/div><\/a>\n\n<\/div>\n\n<\/div>\n\n<\/div>\n\n<\/div>\n\n\n\n<p><\/p>","protected":false},"excerpt":{"rendered":"","protected":false},"author":1,"featured_media":0,"parent":0,"menu_order":0,"comment_status":"closed","ping_status":"closed","template":"","meta":{"_uag_custom_page_level_css":"","site-sidebar-layout":"no-sidebar","site-content-layout":"page-builder","ast-site-content-layout":"full-width-container","site-content-style":"unboxed","site-sidebar-style":"unboxed","ast-global-header-display":"","ast-banner-title-visibility":"","ast-main-header-display":"","ast-hfb-above-header-display":"","ast-hfb-below-header-display":"","ast-hfb-mobile-header-display":"","site-post-title":"disabled","ast-breadcrumbs-content":"","ast-featured-img":"disabled","footer-sml-layout":"","ast-disable-related-posts":"","theme-transparent-header-meta":"enabled","adv-header-id-meta":"","stick-header-meta":"","header-above-stick-meta":"","header-main-stick-meta":"","header-below-stick-meta":"","astra-migrate-meta-layouts":"set","ast-page-background-enabled":"default","ast-page-background-meta":{"desktop":{"background-color":"","background-image":"","background-repeat":"repeat","background-position":"center center","background-size":"auto","background-attachment":"scroll","background-type":"","background-media":"","overlay-type":"","overlay-color":"","overlay-opacity":"","overlay-gradient":""},"tablet":{"background-color":"","background-image":"","background-repeat":"repeat","background-position":"center center","background-size":"auto","background-attachment":"scroll","background-type":"","background-media":"","overlay-type":"","overlay-color":"","overlay-opacity":"","overlay-gradient":""},"mobile":{"background-color":"","background-image":"","background-repeat":"repeat","background-position":"center center","background-size":"auto","background-attachment":"scroll","background-type":"","background-media":"","overlay-type":"","overlay-color":"","overlay-opacity":"","overlay-gradient":""}},"ast-content-background-meta":{"desktop":{"background-color":"var(--ast-global-color-5)","background-image":"","background-repeat":"repeat","background-position":"center center","background-size":"auto","background-attachment":"scroll","background-type":"","background-media":"","overlay-type":"","overlay-color":"","overlay-opacity":"","overlay-gradient":""},"tablet":{"background-color":"var(--ast-global-color-5)","background-image":"","background-repeat":"repeat","background-position":"center center","background-size":"auto","background-attachment":"scroll","background-type":"","background-media":"","overlay-type":"","overlay-color":"","overlay-opacity":"","overlay-gradient":""},"mobile":{"background-color":"var(--ast-global-color-5)","background-image":"","background-repeat":"repeat","background-position":"center center","background-size":"auto","background-attachment":"scroll","background-type":"","background-media":"","overlay-type":"","overlay-color":"","overlay-opacity":"","overlay-gradient":""}},"footnotes":""},"class_list":["post-1494","page","type-page","status-publish","hentry"],"uagb_featured_image_src":{"full":false,"thumbnail":false,"medium":false,"medium_large":false,"large":false,"1536x1536":false,"2048x2048":false,"trp-custom-language-flag":false},"uagb_author_info":{"display_name":"admin","author_link":"https:\/\/passionpress.eu\/de\/author\/admin\/"},"uagb_comment_info":0,"uagb_excerpt":null,"_links":{"self":[{"href":"https:\/\/passionpress.eu\/de\/wp-json\/wp\/v2\/pages\/1494","targetHints":{"allow":["GET"]}}],"collection":[{"href":"https:\/\/passionpress.eu\/de\/wp-json\/wp\/v2\/pages"}],"about":[{"href":"https:\/\/passionpress.eu\/de\/wp-json\/wp\/v2\/types\/page"}],"author":[{"embeddable":true,"href":"https:\/\/passionpress.eu\/de\/wp-json\/wp\/v2\/users\/1"}],"replies":[{"embeddable":true,"href":"https:\/\/passionpress.eu\/de\/wp-json\/wp\/v2\/comments?post=1494"}],"version-history":[{"count":25,"href":"https:\/\/passionpress.eu\/de\/wp-json\/wp\/v2\/pages\/1494\/revisions"}],"predecessor-version":[{"id":3961,"href":"https:\/\/passionpress.eu\/de\/wp-json\/wp\/v2\/pages\/1494\/revisions\/3961"}],"wp:attachment":[{"href":"https:\/\/passionpress.eu\/de\/wp-json\/wp\/v2\/media?parent=1494"}],"curies":[{"name":"wp","href":"https:\/\/api.w.org\/{rel}","templated":true}]}}